{"id":97,"date":"2025-05-23T16:20:54","date_gmt":"2025-05-23T16:20:54","guid":{"rendered":"https:\/\/escuelavillamavida.andaliensur.cl\/?page_id=97"},"modified":"2025-05-27T18:10:42","modified_gmt":"2025-05-27T18:10:42","slug":"quienes-somos","status":"publish","type":"page","link":"https:\/\/escuelavillamavida.andaliensur.cl\/?page_id=97","title":{"rendered":"Quienes somos"},"content":{"rendered":"\n<p>El Proyecto Educativo de la escuela de Villam\u00e1vida, es la carta de navegaci\u00f3n que marcar\u00e1 la senda por donde se debe caminar, con el fin de hacer realidad nuestra Visi\u00f3n de futuro. Por esta raz\u00f3n, basados en el di\u00e1logo y la reflexi\u00f3n constante, hemos propuesto el desaf\u00edo de consolidar la construcci\u00f3n de una comunidad educativa inclusiva donde la experiencia y conocimientos adquiridos, en estos a\u00f1os de trabajo nos permitan dar un salto cualitativo, desde lo bueno hacia la excelencia, entregando en todo momento un servicio centrado en el aprendizaje significativo para cada uno de los alumnos(as). Este proyecto recoge los rasgos y caracter\u00edsticas m\u00e1s importantes que definen el ideario o car\u00e1cter propio de nuestro establecimiento. Nuestra propuesta se basa en la necesidad de insertar un modelo educativo en el cual se reflejen los valores tradicionales, por lo tanto, nuestro compromiso estar\u00e1 en dedicar los mejores esfuerzos en dar una respuesta continua a las necesidades y peticiones educativas del entorno, a trav\u00e9s de un an\u00e1lisis cr\u00edtico de las mismas; entregar un servicio educativo de calidad a los alumnos y alumnas; potenciar la formaci\u00f3n y el trabajo continuo entre padres, profesores y alumnos; incrementar el desarrollo Profesional Docente disponiendo de espacios de reflexi\u00f3n de las pr\u00e1cticas de ense\u00f1anza; consolidar una organizaci\u00f3n que posibilite la participaci\u00f3n y coordinaci\u00f3n de todos los integrantes en torno a una gesti\u00f3n curricular centrada en el aprendizaje.<\/p>\n\n\n\n<p><br><\/p>\n","protected":false},"excerpt":{"rendered":"<p>El Proyecto Educativo de la escuela de Villam\u00e1vida, es la carta de navegaci\u00f3n que marcar\u00e1 la senda por donde se debe caminar, con el fin de hacer realidad nuestra Visi\u00f3n de futuro. Por esta raz\u00f3n, basados en el di\u00e1logo y la reflexi\u00f3n constante, hemos propuesto el desaf\u00edo de consolidar la construcci\u00f3n de una comunidad educativa [&hellip;]<\/p>\n","protected":false},"author":1,"featured_media":0,"parent":0,"menu_order":0,"comment_status":"closed","ping_status":"closed","template":"","meta":{"iawp_total_views":3,"footnotes":""},"class_list":["post-97","page","type-page","status-publish","hentry"],"_links":{"self":[{"href":"https:\/\/escuelavillamavida.andaliensur.cl\/index.php?rest_route=\/wp\/v2\/pages\/97","targetHints":{"allow":["GET"]}}],"collection":[{"href":"https:\/\/escuelavillamavida.andaliensur.cl\/index.php?rest_route=\/wp\/v2\/pages"}],"about":[{"href":"https:\/\/escuelavillamavida.andaliensur.cl\/index.php?rest_route=\/wp\/v2\/types\/page"}],"author":[{"embeddable":true,"href":"https:\/\/escuelavillamavida.andaliensur.cl\/index.php?rest_route=\/wp\/v2\/users\/1"}],"replies":[{"embeddable":true,"href":"https:\/\/escuelavillamavida.andaliensur.cl\/index.php?rest_route=%2Fwp%2Fv2%2Fcomments&post=97"}],"version-history":[{"count":3,"href":"https:\/\/escuelavillamavida.andaliensur.cl\/index.php?rest_route=\/wp\/v2\/pages\/97\/revisions"}],"predecessor-version":[{"id":212,"href":"https:\/\/escuelavillamavida.andaliensur.cl\/index.php?rest_route=\/wp\/v2\/pages\/97\/revisions\/212"}],"wp:attachment":[{"href":"https:\/\/escuelavillamavida.andaliensur.cl\/index.php?rest_route=%2Fwp%2Fv2%2Fmedia&parent=97"}],"curies":[{"name":"wp","href":"https:\/\/api.w.org\/{rel}","templated":true}]}}